{"id":160,"date":"2018-08-28T09:52:26","date_gmt":"2018-08-28T09:52:26","guid":{"rendered":"http:\/\/konte.uix.store\/elementor\/?page_id=160"},"modified":"2025-06-28T16:48:22","modified_gmt":"2025-06-28T14:48:22","slug":"company","status":"publish","type":"page","link":"https:\/\/newlight-jewels.com\/it\/company\/","title":{"rendered":"L' Azienda"},"content":{"rendered":"<div data-elementor-type=\"wp-page\" data-elementor-id=\"160\" class=\"elementor elementor-160\">\n\t\t\t\t<div class=\"elementor-element elementor-element-aa53a95 e-con-full e-flex e-con e-parent\" data-id=\"aa53a95\" data-element_type=\"container\" data-settings=\"{&quot;background_background&quot;:&quot;classic&quot;}\">\n\t\t<div class=\"elementor-element elementor-element-1a902df e-con-full e-flex e-con e-child\" data-id=\"1a902df\" data-element_type=\"container\">\n\t\t\t\t<div class=\"elementor-element elementor-element-1498c34 elementor-widget elementor-widget-konte-heading\" data-id=\"1498c34\" data-element_type=\"widget\" data-widget_type=\"konte-heading.default\">\n\t\t\t\t<div class=\"elementor-widget-container\">\n\t\t\t\t\t<h2 class=\"konte-heading-title konte-heading-title--default\">New Light nasce da una passione autentica per la bellezza delle pietre preziose e per l\u2019eccellenza dell\u2019artigianato italiano.\n<\/h2>\t\t\t\t<\/div>\n\t\t\t\t<\/div>\n\t\t\t\t<div class=\"elementor-element elementor-element-54daeab elementor-widget elementor-widget-text-editor\" data-id=\"54daeab\" data-element_type=\"widget\" data-widget_type=\"text-editor.default\">\n\t\t\t\t<div class=\"elementor-widget-container\">\n\t\t\t\t\t\t\t\t\t<p data-start=\"177\" data-end=\"485\">Fondata nel 1985 da Giorgio Cassetta, l\u2019azienda affonda le sue radici in un passato inaspettato: quello aeronautico. Fu proprio durante i suoi viaggi che Giorgio scopr\u00ec la magia delle gemme naturali, coltivando il sogno di portare alla luce creazioni uniche, capaci di racchiudere la luce e lo stile del Made in Italy.<\/p><p data-start=\"487\" data-end=\"817\">Dopo la prematura scomparsa di Giorgio, \u00e8 il fratello Riccardo a raccogliere la sua eredit\u00e0. Con visione e dedizione, Riccardo trasforma l\u2019identit\u00e0 dell\u2019azienda e le d\u00e0 un nuovo nome: New Light. Da quel momento, la gemma non \u00e8 pi\u00f9 solo un oggetto da scoprire, ma un punto di partenza per creare gioielli artigianali di altissimo valore.<\/p><p data-start=\"819\" data-end=\"1233\" class=\"translation-block\">Oggi, New Light unisce l\u2019arte della gioielleria veneta con l\u2019innovazione delle tecniche pi\u00f9 avanzate, come la perforazione laser dei diamanti. Ogni gioiello nasce dalla collaborazione tra esperti artigiani e designer, combinando tradizione, precisione e una costante ricerca estetica. Partecipiamo con orgoglio alle due edizioni annuali di Vicenzaoro, uno dei pi\u00f9 importanti appuntamenti internazionali nel mondo della gioielleria.<\/p><p data-start=\"1235\" data-end=\"1324\"><strong data-start=\"1235\" data-end=\"1324\">New Light \u00e8 una visione, un gesto di luce, un modo per raccontarsi attraverso un gioiello.<\/strong><\/p>\t\t\t\t\t\t\t\t<\/div>\n\t\t\t\t<\/div>\n\t\t\t\t<div class=\"elementor-element elementor-element-6b353a5 elementor-widget elementor-widget-heading\" data-id=\"6b353a5\" data-element_type=\"widget\" data-widget_type=\"heading.default\">\n\t\t\t\t<div class=\"elementor-widget-container\">\n\t\t\t\t\t<h2 class=\"elementor-heading-title elementor-size-default\">MISSION\n<\/h2>\t\t\t\t<\/div>\n\t\t\t\t<\/div>\n\t\t\t\t<div class=\"elementor-element elementor-element-9e875b4 elementor-widget elementor-widget-text-editor\" data-id=\"9e875b4\" data-element_type=\"widget\" data-widget_type=\"text-editor.default\">\n\t\t\t\t<div class=\"elementor-widget-container\">\n\t\t\t\t\t\t\t\t\t<p>Vogliamo portare nel mondo diamanti naturali e pietre autentiche in creazioni che celebrano l\u2019unicit\u00e0 di ogni donna. Offriamo un design esclusivo, una selezione attenta delle gemme e un savoir-faire artigianale che affonda le radici nella tradizione, ma guarda avanti. Il nostro obiettivo \u00e8 far sentire ogni cliente parte di un gesto speciale, fatto su misura per lei.<\/p>\t\t\t\t\t\t\t\t<\/div>\n\t\t\t\t<\/div>\n\t\t\t\t<div class=\"elementor-element elementor-element-0f04edf elementor-widget elementor-widget-heading\" data-id=\"0f04edf\" data-element_type=\"widget\" data-widget_type=\"heading.default\">\n\t\t\t\t<div class=\"elementor-widget-container\">\n\t\t\t\t\t<h2 class=\"elementor-heading-title elementor-size-default\">VISION<\/h2>\t\t\t\t<\/div>\n\t\t\t\t<\/div>\n\t\t\t\t<div class=\"elementor-element elementor-element-edeb5cf elementor-widget elementor-widget-text-editor\" data-id=\"edeb5cf\" data-element_type=\"widget\" data-widget_type=\"text-editor.default\">\n\t\t\t\t<div class=\"elementor-widget-container\">\n\t\t\t\t\t\t\t\t\t<p>Diventare un punto di riferimento nella gioielleria contemporanea, un marchio affidabile e responsabile, capace di offrire gioielli artigianali di alta qualit\u00e0. Fedeli ai nostri valori \u2013 integrit\u00e0, trasparenza e passione \u2013 lavoriamo ogni giorno per garantire un\u2019esperienza personalizzata, attenta e memorabile.<\/p>\t\t\t\t\t\t\t\t<\/div>\n\t\t\t\t<\/div>\n\t\t\t\t<div class=\"elementor-element elementor-element-606caf0 e-grid-align-left elementor-shape-rounded elementor-grid-0 elementor-widget elementor-widget-social-icons\" data-id=\"606caf0\" data-element_type=\"widget\" data-widget_type=\"social-icons.default\">\n\t\t\t\t<div class=\"elementor-widget-container\">\n\t\t\t\t\t\t\t<div class=\"elementor-social-icons-wrapper elementor-grid\" role=\"list\">\n\t\t\t\t\t\t\t<span class=\"elementor-grid-item\" role=\"listitem\">\n\t\t\t\t\t<a class=\"elementor-icon elementor-social-icon elementor-social-icon-facebook-f elementor-repeater-item-6fd67b7\" target=\"_blank\">\n\t\t\t\t\t\t<span class=\"elementor-screen-only\">Facebook-f<\/span>\n\t\t\t\t\t\t<svg class=\"e-font-icon-svg e-fab-facebook-f\" viewbox=\"0 0 320 512\" xmlns=\"http:\/\/www.w3.org\/2000\/svg\"><path d=\"M279.14 288l14.22-92.66h-88.91v-60.13c0-25.35 12.42-50.06 52.24-50.06h40.42V6.26S260.43 0 225.36 0c-73.22 0-121.08 44.38-121.08 124.72v70.62H22.89V288h81.39v224h100.17V288z\"><\/path><\/svg>\t\t\t\t\t<\/a>\n\t\t\t\t<\/span>\n\t\t\t\t\t\t\t<span class=\"elementor-grid-item\" role=\"listitem\">\n\t\t\t\t\t<a class=\"elementor-icon elementor-social-icon elementor-social-icon-instagram elementor-repeater-item-a4d312c\" target=\"_blank\">\n\t\t\t\t\t\t<span class=\"elementor-screen-only\">Instagram<\/span>\n\t\t\t\t\t\t<svg class=\"e-font-icon-svg e-fab-instagram\" viewbox=\"0 0 448 512\" xmlns=\"http:\/\/www.w3.org\/2000\/svg\"><path d=\"M224.1 141c-63.6 0-114.9 51.3-114.9 114.9s51.3 114.9 114.9 114.9S339 319.5 339 255.9 287.7 141 224.1 141zm0 189.6c-41.1 0-74.7-33.5-74.7-74.7s33.5-74.7 74.7-74.7 74.7 33.5 74.7 74.7-33.6 74.7-74.7 74.7zm146.4-194.3c0 14.9-12 26.8-26.8 26.8-14.9 0-26.8-12-26.8-26.8s12-26.8 26.8-26.8 26.8 12 26.8 26.8zm76.1 27.2c-1.7-35.9-9.9-67.7-36.2-93.9-26.2-26.2-58-34.4-93.9-36.2-37-2.1-147.9-2.1-184.9 0-35.8 1.7-67.6 9.9-93.9 36.1s-34.4 58-36.2 93.9c-2.1 37-2.1 147.9 0 184.9 1.7 35.9 9.9 67.7 36.2 93.9s58 34.4 93.9 36.2c37 2.1 147.9 2.1 184.9 0 35.9-1.7 67.7-9.9 93.9-36.2 26.2-26.2 34.4-58 36.2-93.9 2.1-37 2.1-147.8 0-184.8zM398.8 388c-7.8 19.6-22.9 34.7-42.6 42.6-29.5 11.7-99.5 9-132.1 9s-102.7 2.6-132.1-9c-19.6-7.8-34.7-22.9-42.6-42.6-11.7-29.5-9-99.5-9-132.1s-2.6-102.7 9-132.1c7.8-19.6 22.9-34.7 42.6-42.6 29.5-11.7 99.5-9 132.1-9s102.7-2.6 132.1 9c19.6 7.8 34.7 22.9 42.6 42.6 11.7 29.5 9 99.5 9 132.1s2.7 102.7-9 132.1z\"><\/path><\/svg>\t\t\t\t\t<\/a>\n\t\t\t\t<\/span>\n\t\t\t\t\t<\/div>\n\t\t\t\t\t\t<\/div>\n\t\t\t\t<\/div>\n\t\t\t\t<\/div>\n\t\t<div class=\"elementor-element elementor-element-8a66b22 e-con-full e-flex e-con e-child\" data-id=\"8a66b22\" data-element_type=\"container\">\n\t\t\t\t<div class=\"elementor-element elementor-element-4302eaa elementor-widget elementor-widget-konte-heading\" data-id=\"4302eaa\" data-element_type=\"widget\" data-widget_type=\"konte-heading.default\">\n\t\t\t\t<div class=\"elementor-widget-container\">\n\t\t\t\t\t<h2 class=\"konte-heading-title konte-heading-title--default\">Il nostro team\n\n<\/h2>\t\t\t\t<\/div>\n\t\t\t\t<\/div>\n\t\t\t\t<div class=\"elementor-element elementor-element-e960b84 elementor-widget elementor-widget-text-editor\" data-id=\"e960b84\" data-element_type=\"widget\" data-widget_type=\"text-editor.default\">\n\t\t\t\t<div class=\"elementor-widget-container\">\n\t\t\t\t\t\t\t\t\t<p>Un\u2019identit\u00e0, tante competenze.<\/p><p>Il cuore di New Light \u00e8 un team compatto e appassionato, che unisce esperienze diverse in un\u2019unica visione. La passione per le pietre preziose \u00e8 il filo conduttore che tiene insieme ogni fase del lavoro, dalla selezione delle gemme alla creazione del gioiello finito.<\/p><p>Collaboriamo con artigiani esperti, custodi di un sapere antico, che danno forma ai nostri progetti con precisione e sensibilit\u00e0. Al loro fianco, una designer che conosce profondamente le esigenze del settore e traduce l\u2019identit\u00e0 del brand in collezioni dal segno riconoscibile, curate in ogni dettaglio.<\/p><p>New Light guarda al mercato nazionale e internazionale con spirito aperto e attento: ascoltiamo, osserviamo, interpretiamo. \u00c8 cos\u00ec che nascono i nostri gioielli: da un dialogo continuo tra tecnica, estetica e visione.<\/p>\t\t\t\t\t\t\t\t<\/div>\n\t\t\t\t<\/div>\n\t\t\t\t<\/div>\n\t\t\t\t<\/div>\n\t\t\t\t<\/div>","protected":false},"excerpt":{"rendered":"<p>New Light was born from a genuine passion for the beauty of precious stones and the excellence of Italian craftsmanship. Founded in 1985 by Giorgio Cassetta, the company has its&hellip;<\/p>","protected":false},"author":1,"featured_media":5935,"parent":0,"menu_order":0,"comment_status":"closed","ping_status":"closed","template":"elementor_header_footer","meta":{"_acf_changed":false,"footnotes":""},"class_list":["post-160","page","type-page","status-publish","has-post-thumbnail","hentry"],"acf":[],"_links":{"self":[{"href":"https:\/\/newlight-jewels.com\/it\/wp-json\/wp\/v2\/pages\/160","targetHints":{"allow":["GET"]}}],"collection":[{"href":"https:\/\/newlight-jewels.com\/it\/wp-json\/wp\/v2\/pages"}],"about":[{"href":"https:\/\/newlight-jewels.com\/it\/wp-json\/wp\/v2\/types\/page"}],"author":[{"embeddable":true,"href":"https:\/\/newlight-jewels.com\/it\/wp-json\/wp\/v2\/users\/1"}],"replies":[{"embeddable":true,"href":"https:\/\/newlight-jewels.com\/it\/wp-json\/wp\/v2\/comments?post=160"}],"version-history":[{"count":47,"href":"https:\/\/newlight-jewels.com\/it\/wp-json\/wp\/v2\/pages\/160\/revisions"}],"predecessor-version":[{"id":6095,"href":"https:\/\/newlight-jewels.com\/it\/wp-json\/wp\/v2\/pages\/160\/revisions\/6095"}],"wp:featuredmedia":[{"embeddable":true,"href":"https:\/\/newlight-jewels.com\/it\/wp-json\/wp\/v2\/media\/5935"}],"wp:attachment":[{"href":"https:\/\/newlight-jewels.com\/it\/wp-json\/wp\/v2\/media?parent=160"}],"curies":[{"name":"wp","href":"https:\/\/api.w.org\/{rel}","templated":true}]}}